{"id":25968,"date":"2020-12-09T16:22:00","date_gmt":"2020-12-09T16:22:00","guid":{"rendered":"https:\/\/therightstay.com\/homeowners\/"},"modified":"2025-12-03T10:05:10","modified_gmt":"2025-12-03T10:05:10","slug":"propietarios","status":"publish","type":"page","link":"https:\/\/therightstay.com\/es\/propietarios\/","title":{"rendered":"Propietarios"},"content":{"rendered":"\t\t<div data-elementor-type=\"wp-page\" data-elementor-id=\"25968\" class=\"elementor elementor-25968 elementor-197\" data-elementor-post-type=\"page\">\n\t\t\t\t<div class=\"elementor-element elementor-element-e27733d e-flex e-con-boxed e-con e-parent\" data-id=\"e27733d\" data-element_type=\"container\">\n\t\t\t\t\t<div class=\"e-con-inner\">\n\t\t\t\t<div class=\"elementor-element elementor-element-a9514d3 elementor-widget__width-inherit elementor-widget elementor-widget-heading\" data-id=\"a9514d3\" data-element_type=\"widget\" data-widget_type=\"heading.default\">\n\t\t\t\t<div class=\"elementor-widget-container\">\n\t\t\t\t\t<h2 class=\"elementor-heading-title elementor-size-default\">CON TRS<br>\nTU PROPIEDAD, EN LAS MEJORES MANOS<\/h2>\t\t\t\t<\/div>\n\t\t\t\t<\/div>\n\t\t\t\t\t<\/div>\n\t\t\t\t<\/div>\n\t\t<div class=\"elementor-element elementor-element-2e73dd9 e-flex e-con-boxed e-con e-parent\" data-id=\"2e73dd9\" data-element_type=\"container\">\n\t\t\t\t\t<div class=\"e-con-inner\">\n\t\t<div class=\"elementor-element elementor-element-8d9149d e-con-full e-flex e-con e-child\" data-id=\"8d9149d\" data-element_type=\"container\" data-settings=\"{&quot;background_background&quot;:&quot;classic&quot;}\">\n\t\t\t\t<div class=\"elementor-element elementor-element-32640d2 elementor-widget__width-inherit texto-especial elementor-widget elementor-widget-heading\" data-id=\"32640d2\" data-element_type=\"widget\" data-widget_type=\"heading.default\">\n\t\t\t\t<div class=\"elementor-widget-container\">\n\t\t\t\t\t<h2 class=\"elementor-heading-title elementor-size-default\">NOS ENCARGAMOS\n\nNOSOTROS.<\/h2>\t\t\t\t<\/div>\n\t\t\t\t<\/div>\n\t\t\t\t<div class=\"elementor-element elementor-element-55b6c5d elementor-widget__width-inherit elementor-widget elementor-widget-text-editor\" data-id=\"55b6c5d\" data-element_type=\"widget\" data-widget_type=\"text-editor.default\">\n\t\t\t\t<div class=\"elementor-widget-container\">\n\t\t\t\t\t\t\t\t\t<p>Reservas y contratos, cobro de alquileres, check-in, limpieza profesional al finalizar la estad\u00eda, lavander\u00eda profesional, mantenimiento integral de tu propiedad, inspecci\u00f3n de la propiedad tras check-out, limpieza de textiles, revisi\u00f3n y reposici\u00f3n de inventario.<\/p>\t\t\t\t\t\t\t\t<\/div>\n\t\t\t\t<\/div>\n\t\t\t\t<div class=\"elementor-element elementor-element-fe94373 elementor-widget__width-initial elementor-widget elementor-widget-heading\" data-id=\"fe94373\" data-element_type=\"widget\" data-widget_type=\"heading.default\">\n\t\t\t\t<div class=\"elementor-widget-container\">\n\t\t\t\t\t<h2 class=\"elementor-heading-title elementor-size-default\">BENEFICIOS<\/h2>\t\t\t\t<\/div>\n\t\t\t\t<\/div>\n\t\t\t\t<div class=\"elementor-element elementor-element-11ab217 elementor-widget__width-initial elementor-icon-list--layout-traditional elementor-list-item-link-full_width elementor-widget elementor-widget-icon-list\" data-id=\"11ab217\" data-element_type=\"widget\" data-widget_type=\"icon-list.default\">\n\t\t\t\t<div class=\"elementor-widget-container\">\n\t\t\t\t\t\t\t<ul class=\"elementor-icon-list-items\">\n\t\t\t\t\t\t\t<li class=\"elementor-icon-list-item\">\n\t\t\t\t\t\t\t\t\t\t\t<span class=\"elementor-icon-list-icon\">\n\t\t\t\t\t\t\t<i aria-hidden=\"true\" class=\"fas fa-circle\"><\/i>\t\t\t\t\t\t<\/span>\n\t\t\t\t\t\t\t\t\t\t<span class=\"elementor-icon-list-text\">RENTABILIDAD<\/span>\n\t\t\t\t\t\t\t\t\t<\/li>\n\t\t\t\t\t\t\t\t<li class=\"elementor-icon-list-item\">\n\t\t\t\t\t\t\t\t\t\t\t<span class=\"elementor-icon-list-icon\">\n\t\t\t\t\t\t\t<i aria-hidden=\"true\" class=\"fas fa-circle\"><\/i>\t\t\t\t\t\t<\/span>\n\t\t\t\t\t\t\t\t\t\t<span class=\"elementor-icon-list-text\">TRANQUILIDAD<\/span>\n\t\t\t\t\t\t\t\t\t<\/li>\n\t\t\t\t\t\t\t\t<li class=\"elementor-icon-list-item\">\n\t\t\t\t\t\t\t\t\t\t\t<span class=\"elementor-icon-list-icon\">\n\t\t\t\t\t\t\t<i aria-hidden=\"true\" class=\"fas fa-circle\"><\/i>\t\t\t\t\t\t<\/span>\n\t\t\t\t\t\t\t\t\t\t<span class=\"elementor-icon-list-text\">CONFIANZA<\/span>\n\t\t\t\t\t\t\t\t\t<\/li>\n\t\t\t\t\t\t<\/ul>\n\t\t\t\t\t\t<\/div>\n\t\t\t\t<\/div>\n\t\t\t\t<\/div>\n\t\t<div class=\"elementor-element elementor-element-9ca678e e-con-full elementor-hidden-mobile e-flex e-con e-child\" data-id=\"9ca678e\" data-element_type=\"container\" data-settings=\"{&quot;background_background&quot;:&quot;classic&quot;}\">\n\t\t\t\t<div class=\"elementor-element elementor-element-691603c dce_masking-none elementor-widget elementor-widget-image\" data-id=\"691603c\" data-element_type=\"widget\" data-widget_type=\"image.default\">\n\t\t\t\t<div class=\"elementor-widget-container\">\n\t\t\t\t\t\t\t\t\t\t\t\t\t\t\t<img fetchpriority=\"high\" decoding=\"async\" width=\"780\" height=\"494\" src=\"https:\/\/therightstay.com\/wp-content\/uploads\/2025\/06\/TRS_PPROPIETARIOS-1-1024x649.jpg\" class=\"attachment-large size-large wp-image-38832\" alt=\"\" srcset=\"https:\/\/therightstay.com\/wp-content\/uploads\/2025\/06\/TRS_PPROPIETARIOS-1-1024x649.jpg 1024w, https:\/\/therightstay.com\/wp-content\/uploads\/2025\/06\/TRS_PPROPIETARIOS-1-300x190.jpg 300w, https:\/\/therightstay.com\/wp-content\/uploads\/2025\/06\/TRS_PPROPIETARIOS-1-1536x973.jpg 1536w, https:\/\/therightstay.com\/wp-content\/uploads\/2025\/06\/TRS_PPROPIETARIOS-1-1000x634.jpg 1000w, https:\/\/therightstay.com\/wp-content\/uploads\/2025\/06\/TRS_PPROPIETARIOS-1-600x380.jpg 600w, https:\/\/therightstay.com\/wp-content\/uploads\/2025\/06\/TRS_PPROPIETARIOS-1.jpg 1755w\" sizes=\"(max-width: 780px) 100vw, 780px\" \/>\t\t\t\t\t\t\t\t\t\t\t\t\t\t\t<\/div>\n\t\t\t\t<\/div>\n\t\t\t\t<\/div>\n\t\t\t\t\t<\/div>\n\t\t\t\t<\/div>\n\t\t<div class=\"elementor-element elementor-element-75984f6 e-con-full e-flex e-con e-parent\" data-id=\"75984f6\" data-element_type=\"container\">\n\t\t<div data-dce-background-image-url=\"https:\/\/therightstay.com\/wp-content\/uploads\/2025\/07\/TRS_-12.jpg\" class=\"elementor-element elementor-element-6dc20e9 e-con-full e-flex e-con e-child\" data-id=\"6dc20e9\" data-element_type=\"container\" data-settings=\"{&quot;background_background&quot;:&quot;classic&quot;}\">\n\t\t\t\t<div class=\"elementor-element elementor-element-e0990df elementor-widget__width-initial elementor-widget elementor-widget-heading\" data-id=\"e0990df\" data-element_type=\"widget\" data-widget_type=\"heading.default\">\n\t\t\t\t<div class=\"elementor-widget-container\">\n\t\t\t\t\t<h2 class=\"elementor-heading-title elementor-size-default\">Optimizaci\u00f3n de\nprecios para\naumentar la\nocupaci\u00f3n y los\ningresos<\/h2>\t\t\t\t<\/div>\n\t\t\t\t<\/div>\n\t\t\t\t<\/div>\n\t\t<div data-dce-background-image-url=\"https:\/\/therightstay.com\/wp-content\/uploads\/2025\/07\/TRS_-13.jpg\" class=\"elementor-element elementor-element-f79148f e-con-full e-flex e-con e-child\" data-id=\"f79148f\" data-element_type=\"container\" data-settings=\"{&quot;background_background&quot;:&quot;classic&quot;}\">\n\t\t\t\t<div class=\"elementor-element elementor-element-e06dc5e elementor-widget__width-initial elementor-widget elementor-widget-heading\" data-id=\"e06dc5e\" data-element_type=\"widget\" data-widget_type=\"heading.default\">\n\t\t\t\t<div class=\"elementor-widget-container\">\n\t\t\t\t\t<h2 class=\"elementor-heading-title elementor-size-default\">Sistema de\nverificaci\u00f3n que\nasegura la calidad de\nlos hu\u00e9spedes<\/h2>\t\t\t\t<\/div>\n\t\t\t\t<\/div>\n\t\t\t\t<\/div>\n\t\t<div data-dce-background-image-url=\"https:\/\/therightstay.com\/wp-content\/uploads\/2025\/07\/TRS_-14.jpg\" class=\"elementor-element elementor-element-abb84f7 e-con-full e-flex e-con e-child\" data-id=\"abb84f7\" data-element_type=\"container\" data-settings=\"{&quot;background_background&quot;:&quot;classic&quot;}\">\n\t\t\t\t<div class=\"elementor-element elementor-element-a34d31d elementor-widget__width-initial elementor-widget elementor-widget-heading\" data-id=\"a34d31d\" data-element_type=\"widget\" data-widget_type=\"heading.default\">\n\t\t\t\t<div class=\"elementor-widget-container\">\n\t\t\t\t\t<h2 class=\"elementor-heading-title elementor-size-default\">Mantenimiento\nconstante de tu\npropiedad,\ngarantizando su\nestado impecable<\/h2>\t\t\t\t<\/div>\n\t\t\t\t<\/div>\n\t\t\t\t<\/div>\n\t\t<div data-dce-background-image-url=\"https:\/\/therightstay.com\/wp-content\/uploads\/2025\/07\/TRS_PERIODICO.jpg\" class=\"elementor-element elementor-element-83bcb51 e-con-full e-flex e-con e-child\" data-id=\"83bcb51\" data-element_type=\"container\" data-settings=\"{&quot;background_background&quot;:&quot;classic&quot;}\">\n\t\t\t\t<div class=\"elementor-element elementor-element-7ba4f4b elementor-widget__width-initial elementor-widget elementor-widget-heading\" data-id=\"7ba4f4b\" data-element_type=\"widget\" data-widget_type=\"heading.default\">\n\t\t\t\t<div class=\"elementor-widget-container\">\n\t\t\t\t\t<h2 class=\"elementor-heading-title elementor-size-default\">Estrategia de\nmarketing eficaz para\ngarantizar una alta\nocupaci\u00f3n<\/h2>\t\t\t\t<\/div>\n\t\t\t\t<\/div>\n\t\t\t\t<\/div>\n\t\t\t\t<\/div>\n\t\t<div class=\"elementor-element elementor-element-b620163 e-con-full e-flex e-con e-parent\" data-id=\"b620163\" data-element_type=\"container\">\n\t\t\t\t<div class=\"elementor-element elementor-element-7c27663 elementor-widget__width-inherit elementor-widget elementor-widget-heading\" data-id=\"7c27663\" data-element_type=\"widget\" data-widget_type=\"heading.default\">\n\t\t\t\t<div class=\"elementor-widget-container\">\n\t\t\t\t\t<h2 class=\"elementor-heading-title elementor-size-default\">SI EST\u00c1S PENSANDO EN VENDER TU PROPIEDAD, ELEGIR AL<br> PARTNER INMOBILIARIO CORRECTO ES CLAVe<\/h2>\t\t\t\t<\/div>\n\t\t\t\t<\/div>\n\t\t\t\t<\/div>\n\t\t<div class=\"elementor-element elementor-element-1f0c8e3 e-con-full e-flex e-con e-parent\" data-id=\"1f0c8e3\" data-element_type=\"container\">\n\t\t\t\t<div class=\"elementor-element elementor-element-2a76049 elementor-widget__width-inherit elementor-widget elementor-widget-heading\" data-id=\"2a76049\" data-element_type=\"widget\" data-widget_type=\"heading.default\">\n\t\t\t\t<div class=\"elementor-widget-container\">\n\t\t\t\t\t<h2 class=\"elementor-heading-title elementor-size-default\">EN THE RIGHT STAY NOS ENCARGAMOS DE TODO.<\/h2>\t\t\t\t<\/div>\n\t\t\t\t<\/div>\n\t\t\t\t<div class=\"elementor-element elementor-element-8a44857 elementor-widget__width-initial elementor-widget elementor-widget-heading\" data-id=\"8a44857\" data-element_type=\"widget\" data-widget_type=\"heading.default\">\n\t\t\t\t<div class=\"elementor-widget-container\">\n\t\t\t\t\t<h2 class=\"elementor-heading-title elementor-size-default\">\u00daNETE A THE RIGHT STAY AHORA<\/h2>\t\t\t\t<\/div>\n\t\t\t\t<\/div>\n\t\t\t\t<div class=\"elementor-element elementor-element-6062138 elementor-widget__width-inherit elementor-widget elementor-widget-ld_cf722\" data-id=\"6062138\" data-element_type=\"widget\" data-widget_type=\"ld_cf722.default\">\n\t\t\t\t<div class=\"elementor-widget-container\">\n\t\t\t\t\t\n\t<div class=\"lqd-contact-form  lqd-contact-form-inputs-border-thick    lqd-contact-form-button-md lqd-contact-form-button-circle  lqd-contact-form-inputs-md\">\n\t\t\n<div class=\"wpcf7 no-js\" id=\"wpcf7-f34-o1\" lang=\"en-US\" dir=\"ltr\" data-wpcf7-id=\"34\">\n<div class=\"screen-reader-response\"><p role=\"status\" aria-live=\"polite\" aria-atomic=\"true\"><\/p> <ul><\/ul><\/div>\n<form action=\"\/es\/wp-json\/wp\/v2\/pages\/25968#wpcf7-f34-o1\" method=\"post\" class=\"wpcf7-form init\" aria-label=\"Contact form\" novalidate=\"novalidate\" data-status=\"init\">\n<fieldset class=\"hidden-fields-container\"><input type=\"hidden\" name=\"_wpcf7\" value=\"34\" \/><input type=\"hidden\" name=\"_wpcf7_version\" value=\"6.1.2\" \/><input type=\"hidden\" name=\"_wpcf7_locale\" value=\"en_US\" \/><input type=\"hidden\" name=\"_wpcf7_unit_tag\" value=\"wpcf7-f34-o1\" \/><input type=\"hidden\" name=\"_wpcf7_container_post\" value=\"0\" \/><input type=\"hidden\" name=\"_wpcf7_posted_data_hash\" value=\"\" \/><input type=\"hidden\" name=\"_wpcf7dtx_version\" value=\"5.0.3\" \/>\n<\/fieldset>\n<div id=\"responsive-form\" class=\"clearfix\">\n\t<div class=\"form-row\">\n\t\t<div class=\"column-half\">\n\t\t\t<p>Nombre <span class=\"wpcf7-form-control-wrap\" data-name=\"first-name\"><input size=\"40\" maxlength=\"400\" class=\"wpcf7-form-control wpcf7-text wpcf7-validates-as-required\" aria-required=\"true\" aria-invalid=\"false\" value=\"\" type=\"text\" name=\"first-name\" \/><\/span>\n\t\t\t<\/p>\n\t\t<\/div>\n\t\t<div class=\"column-half\">\n\t\t\t<p>Apellidos <span class=\"wpcf7-form-control-wrap\" data-name=\"last-name\"><input size=\"40\" maxlength=\"400\" class=\"wpcf7-form-control wpcf7-text wpcf7-validates-as-required\" aria-required=\"true\" aria-invalid=\"false\" value=\"\" type=\"text\" name=\"last-name\" \/><\/span>\n\t\t\t<\/p>\n\t\t<\/div>\n\t<\/div>\n\t<div class=\"form-row\">\n\t\t<div class=\"column-half\">\n\t\t\t<p>Email <span class=\"wpcf7-form-control-wrap\" data-name=\"your-email\"><input size=\"40\" maxlength=\"400\" class=\"wpcf7-form-control wpcf7-email wpcf7-validates-as-required wpcf7-text wpcf7-validates-as-email\" aria-required=\"true\" aria-invalid=\"false\" value=\"\" type=\"email\" name=\"your-email\" \/><\/span>\n\t\t\t<\/p>\n\t\t<\/div>\n\t\t<div class=\"column-half\">\n\t\t\t<p>M\u00f3vil<span class=\"wpcf7-form-control-wrap\" data-name=\"your-phone\"><input size=\"40\" maxlength=\"400\" class=\"wpcf7-form-control wpcf7-text wpcf7-validates-as-required\" aria-required=\"true\" aria-invalid=\"false\" value=\"\" type=\"text\" name=\"your-phone\" \/><\/span>\n\t\t\t<\/p>\n\t\t<\/div>\n\t<\/div>\n\t<div class=\"form-row\">\n\t\t<div class=\"column-half\">\n\t\t\t<p>\u00bfD\u00f3nde est\u00e1 ubicada tu propiedad?<span class=\"wpcf7-form-control-wrap\" data-name=\"ubicacion\"><input size=\"40\" maxlength=\"400\" class=\"wpcf7-form-control wpcf7-text wpcf7-validates-as-required\" aria-required=\"true\" aria-invalid=\"false\" value=\"\" type=\"text\" name=\"ubicacion\" \/><\/span>\n\t\t\t<\/p>\n\t\t<\/div>\n\t\t<div class=\"column-half\">\n\t\t\t<p>\u00bfC\u00f3mo te enteraste de nosotros?<span class=\"wpcf7-form-control-wrap\" data-name=\"conocernos\"><input size=\"40\" maxlength=\"400\" class=\"wpcf7-form-control wpcf7-text wpcf7-validates-as-required\" aria-required=\"true\" aria-invalid=\"false\" value=\"\" type=\"text\" name=\"conocernos\" \/><\/span>\n\t\t\t<\/p>\n\t\t<\/div>\n\t<\/div>\n\t<div class=\"form-row\">\n\t\t<div class=\"column-full\">\n\t\t\t<p><input class=\"wpcf7-form-control wpcf7-submit has-spinner\" type=\"submit\" value=\"Enviar\" \/>\n\t\t\t<\/p>\n\t\t<\/div>\n\t<\/div>\n<\/div><!--end responsive-form--><div class=\"wpcf7-response-output\" aria-hidden=\"true\"><\/div>\n<\/form>\n<\/div>\n\t<\/div>\n\n\t\t\t\t\t<\/div>\n\t\t\t\t<\/div>\n\t\t\t\t<\/div>\n\t\t\t\t<\/div>\n\t\t","protected":false},"excerpt":{"rendered":"<p>CON TRS TU PROPIEDAD, EN LAS MEJORES MANOS NOS ENCARGAMOS NOSOTROS. Reservas y contratos, cobro de alquileres, check-in, limpieza profesional al finalizar la estad\u00eda, lavander\u00eda profesional, mantenimiento integral de tu propiedad, inspecci\u00f3n de la propiedad tras check-out, limpieza de textiles, revisi\u00f3n y reposici\u00f3n de inventario. BENEFICIOS RENTABILIDAD TRANQUILIDAD CONFIANZA Optimizaci\u00f3n de precios para aumentar la [&hellip;]<\/p>\n","protected":false},"author":1,"featured_media":17376,"parent":0,"menu_order":0,"comment_status":"closed","ping_status":"closed","template":"","meta":{"footnotes":""},"class_list":["post-25968","page","type-page","status-publish","has-post-thumbnail","hentry"],"yoast_head":"<!-- This site is optimized with the Yoast SEO plugin v25.1 - https:\/\/yoast.com\/wordpress\/plugins\/seo\/ -->\n<title>Propietarios | The Right Stay<\/title>\n<meta name=\"robots\" content=\"index, follow, max-snippet:-1, max-image-preview:large, max-video-preview:-1\" \/>\n<link rel=\"canonical\" href=\"https:\/\/therightstay.com\/homeowners\/\" \/>\n<meta property=\"og:locale\" content=\"es_ES\" \/>\n<meta property=\"og:type\" content=\"article\" \/>\n<meta property=\"og:title\" content=\"Propietarios | The Right Stay\" \/>\n<meta property=\"og:description\" content=\"CON TRS TU PROPIEDAD, EN LAS MEJORES MANOS NOS ENCARGAMOS NOSOTROS. Reservas y contratos, cobro de alquileres, check-in, limpieza profesional al finalizar la estad\u00eda, lavander\u00eda profesional, mantenimiento integral de tu propiedad, inspecci\u00f3n de la propiedad tras check-out, limpieza de textiles, revisi\u00f3n y reposici\u00f3n de inventario. BENEFICIOS RENTABILIDAD TRANQUILIDAD CONFIANZA Optimizaci\u00f3n de precios para aumentar la [&hellip;]\" \/>\n<meta property=\"og:url\" content=\"https:\/\/therightstay.com\/homeowners\/\" \/>\n<meta property=\"og:site_name\" content=\"The Right Stay\" \/>\n<meta property=\"article:publisher\" content=\"https:\/\/www.facebook.com\/therightstay\/\" \/>\n<meta property=\"article:modified_time\" content=\"2025-12-03T10:05:10+00:00\" \/>\n<meta property=\"og:image\" content=\"https:\/\/therightstay.com\/wp-content\/uploads\/2025\/11\/image1-300x170.jpeg\" \/>\n\t<meta property=\"og:image:width\" content=\"300\" \/>\n\t<meta property=\"og:image:height\" content=\"170\" \/>\n\t<meta property=\"og:image:type\" content=\"image\/jpeg\" \/>\n<meta name=\"twitter:card\" content=\"summary_large_image\" \/>\n<meta name=\"twitter:label1\" content=\"Tiempo de lectura\" \/>\n\t<meta name=\"twitter:data1\" content=\"1 minuto\" \/>\n<script type=\"application\/ld+json\" class=\"yoast-schema-graph\">{\"@context\":\"https:\/\/schema.org\",\"@graph\":[{\"@type\":\"WebPage\",\"@id\":\"https:\/\/therightstay.com\/homeowners\/\",\"url\":\"https:\/\/therightstay.com\/homeowners\/\",\"name\":\"Propietarios | The Right Stay\",\"isPartOf\":{\"@id\":\"https:\/\/therightstay.com\/#website\"},\"primaryImageOfPage\":{\"@id\":\"https:\/\/therightstay.com\/homeowners\/#primaryimage\"},\"image\":{\"@id\":\"https:\/\/therightstay.com\/homeowners\/#primaryimage\"},\"thumbnailUrl\":\"\",\"datePublished\":\"2020-12-09T16:22:00+00:00\",\"dateModified\":\"2025-12-03T10:05:10+00:00\",\"breadcrumb\":{\"@id\":\"https:\/\/therightstay.com\/homeowners\/#breadcrumb\"},\"inLanguage\":\"es\",\"potentialAction\":[{\"@type\":\"ReadAction\",\"target\":[\"https:\/\/therightstay.com\/homeowners\/\"]}]},{\"@type\":\"ImageObject\",\"inLanguage\":\"es\",\"@id\":\"https:\/\/therightstay.com\/homeowners\/#primaryimage\",\"url\":\"\",\"contentUrl\":\"\",\"width\":1365,\"height\":768},{\"@type\":\"BreadcrumbList\",\"@id\":\"https:\/\/therightstay.com\/homeowners\/#breadcrumb\",\"itemListElement\":[{\"@type\":\"ListItem\",\"position\":1,\"name\":\"Home\",\"item\":\"https:\/\/therightstay.com\/\"},{\"@type\":\"ListItem\",\"position\":2,\"name\":\"Propietarios\"}]},{\"@type\":\"WebSite\",\"@id\":\"https:\/\/therightstay.com\/#website\",\"url\":\"https:\/\/therightstay.com\/\",\"name\":\"The Right Stay\",\"description\":\"The Right Stay | Luxury Apartment Rentals\",\"publisher\":{\"@id\":\"https:\/\/therightstay.com\/#organization\"},\"potentialAction\":[{\"@type\":\"SearchAction\",\"target\":{\"@type\":\"EntryPoint\",\"urlTemplate\":\"https:\/\/therightstay.com\/?s={search_term_string}\"},\"query-input\":{\"@type\":\"PropertyValueSpecification\",\"valueRequired\":true,\"valueName\":\"search_term_string\"}}],\"inLanguage\":\"es\"},{\"@type\":\"Organization\",\"@id\":\"https:\/\/therightstay.com\/#organization\",\"name\":\"The Right Stay\",\"url\":\"https:\/\/therightstay.com\/\",\"logo\":{\"@type\":\"ImageObject\",\"inLanguage\":\"es\",\"@id\":\"https:\/\/therightstay.com\/#\/schema\/logo\/image\/\",\"url\":\"https:\/\/therightstay.com\/wp-content\/uploads\/2025\/11\/image1.jpeg\",\"contentUrl\":\"https:\/\/therightstay.com\/wp-content\/uploads\/2025\/11\/image1.jpeg\",\"width\":1290,\"height\":731,\"caption\":\"The Right Stay\"},\"image\":{\"@id\":\"https:\/\/therightstay.com\/#\/schema\/logo\/image\/\"},\"sameAs\":[\"https:\/\/www.facebook.com\/therightstay\/\",\"https:\/\/www.instagram.com\/therightstay.es\/?hl=en\",\"https:\/\/www.linkedin.com\/company\/therightstay\/\"]}]}<\/script>\n<!-- \/ Yoast SEO plugin. -->","yoast_head_json":{"title":"Propietarios | The Right Stay","robots":{"index":"index","follow":"follow","max-snippet":"max-snippet:-1","max-image-preview":"max-image-preview:large","max-video-preview":"max-video-preview:-1"},"canonical":"https:\/\/therightstay.com\/homeowners\/","og_locale":"es_ES","og_type":"article","og_title":"Propietarios | The Right Stay","og_description":"CON TRS TU PROPIEDAD, EN LAS MEJORES MANOS NOS ENCARGAMOS NOSOTROS. Reservas y contratos, cobro de alquileres, check-in, limpieza profesional al finalizar la estad\u00eda, lavander\u00eda profesional, mantenimiento integral de tu propiedad, inspecci\u00f3n de la propiedad tras check-out, limpieza de textiles, revisi\u00f3n y reposici\u00f3n de inventario. BENEFICIOS RENTABILIDAD TRANQUILIDAD CONFIANZA Optimizaci\u00f3n de precios para aumentar la [&hellip;]","og_url":"https:\/\/therightstay.com\/homeowners\/","og_site_name":"The Right Stay","article_publisher":"https:\/\/www.facebook.com\/therightstay\/","article_modified_time":"2025-12-03T10:05:10+00:00","og_image":[{"width":300,"height":170,"url":"https:\/\/therightstay.com\/wp-content\/uploads\/2025\/11\/image1-300x170.jpeg","type":"image\/jpeg"}],"twitter_card":"summary_large_image","twitter_misc":{"Tiempo de lectura":"1 minuto"},"schema":{"@context":"https:\/\/schema.org","@graph":[{"@type":"WebPage","@id":"https:\/\/therightstay.com\/homeowners\/","url":"https:\/\/therightstay.com\/homeowners\/","name":"Propietarios | The Right Stay","isPartOf":{"@id":"https:\/\/therightstay.com\/#website"},"primaryImageOfPage":{"@id":"https:\/\/therightstay.com\/homeowners\/#primaryimage"},"image":{"@id":"https:\/\/therightstay.com\/homeowners\/#primaryimage"},"thumbnailUrl":"","datePublished":"2020-12-09T16:22:00+00:00","dateModified":"2025-12-03T10:05:10+00:00","breadcrumb":{"@id":"https:\/\/therightstay.com\/homeowners\/#breadcrumb"},"inLanguage":"es","potentialAction":[{"@type":"ReadAction","target":["https:\/\/therightstay.com\/homeowners\/"]}]},{"@type":"ImageObject","inLanguage":"es","@id":"https:\/\/therightstay.com\/homeowners\/#primaryimage","url":"","contentUrl":"","width":1365,"height":768},{"@type":"BreadcrumbList","@id":"https:\/\/therightstay.com\/homeowners\/#breadcrumb","itemListElement":[{"@type":"ListItem","position":1,"name":"Home","item":"https:\/\/therightstay.com\/"},{"@type":"ListItem","position":2,"name":"Propietarios"}]},{"@type":"WebSite","@id":"https:\/\/therightstay.com\/#website","url":"https:\/\/therightstay.com\/","name":"The Right Stay","description":"The Right Stay | Luxury Apartment Rentals","publisher":{"@id":"https:\/\/therightstay.com\/#organization"},"potentialAction":[{"@type":"SearchAction","target":{"@type":"EntryPoint","urlTemplate":"https:\/\/therightstay.com\/?s={search_term_string}"},"query-input":{"@type":"PropertyValueSpecification","valueRequired":true,"valueName":"search_term_string"}}],"inLanguage":"es"},{"@type":"Organization","@id":"https:\/\/therightstay.com\/#organization","name":"The Right Stay","url":"https:\/\/therightstay.com\/","logo":{"@type":"ImageObject","inLanguage":"es","@id":"https:\/\/therightstay.com\/#\/schema\/logo\/image\/","url":"https:\/\/therightstay.com\/wp-content\/uploads\/2025\/11\/image1.jpeg","contentUrl":"https:\/\/therightstay.com\/wp-content\/uploads\/2025\/11\/image1.jpeg","width":1290,"height":731,"caption":"The Right Stay"},"image":{"@id":"https:\/\/therightstay.com\/#\/schema\/logo\/image\/"},"sameAs":["https:\/\/www.facebook.com\/therightstay\/","https:\/\/www.instagram.com\/therightstay.es\/?hl=en","https:\/\/www.linkedin.com\/company\/therightstay\/"]}]}},"_links":{"self":[{"href":"https:\/\/therightstay.com\/es\/wp-json\/wp\/v2\/pages\/25968","targetHints":{"allow":["GET"]}}],"collection":[{"href":"https:\/\/therightstay.com\/es\/wp-json\/wp\/v2\/pages"}],"about":[{"href":"https:\/\/therightstay.com\/es\/wp-json\/wp\/v2\/types\/page"}],"author":[{"embeddable":true,"href":"https:\/\/therightstay.com\/es\/wp-json\/wp\/v2\/users\/1"}],"replies":[{"embeddable":true,"href":"https:\/\/therightstay.com\/es\/wp-json\/wp\/v2\/comments?post=25968"}],"version-history":[{"count":0,"href":"https:\/\/therightstay.com\/es\/wp-json\/wp\/v2\/pages\/25968\/revisions"}],"wp:featuredmedia":[{"embeddable":true,"href":"https:\/\/therightstay.com\/es\/wp-json\/"}],"wp:attachment":[{"href":"https:\/\/therightstay.com\/es\/wp-json\/wp\/v2\/media?parent=25968"}],"curies":[{"name":"wp","href":"https:\/\/api.w.org\/{rel}","templated":true}]}}