{"id":41255,"date":"2021-01-23T14:14:08","date_gmt":"2021-01-23T14:14:08","guid":{"rendered":"https:\/\/therightstay.com\/cookies\/"},"modified":"2025-10-06T09:07:46","modified_gmt":"2025-10-06T09:07:46","slug":"cookies","status":"publish","type":"page","link":"https:\/\/therightstay.com\/es\/cookies\/","title":{"rendered":"Pol\u00edtica de cookies"},"content":{"rendered":"\t\t<div data-elementor-type=\"wp-page\" data-elementor-id=\"41255\" class=\"elementor elementor-41255 elementor-2130\" data-elementor-post-type=\"page\">\n\t\t\t\t<div class=\"elementor-element elementor-element-b6a7984 e-flex e-con-boxed e-con e-parent\" data-id=\"b6a7984\" data-element_type=\"container\">\n\t\t\t\t\t<div class=\"e-con-inner\">\n\t\t<div class=\"elementor-element elementor-element-cd8f3a8 e-con-full e-flex e-con e-child\" data-id=\"cd8f3a8\" data-element_type=\"container\" data-settings=\"{&quot;background_background&quot;:&quot;classic&quot;}\">\n\t\t\t\t<div class=\"elementor-element elementor-element-8e0ad3e elementor-widget__width-initial elementor-widget-mobile__width-inherit elementor-widget elementor-widget-heading\" data-id=\"8e0ad3e\" data-element_type=\"widget\" data-widget_type=\"heading.default\">\n\t\t\t\t<div class=\"elementor-widget-container\">\n\t\t\t\t\t<h2 class=\"elementor-heading-title elementor-size-default\">Uso de cookies\n\n<\/h2>\t\t\t\t<\/div>\n\t\t\t\t<\/div>\n\t\t\t\t<div class=\"elementor-element elementor-element-7db5767 elementor-widget elementor-widget-text-editor\" data-id=\"7db5767\" data-element_type=\"widget\" data-widget_type=\"text-editor.default\">\n\t\t\t\t<div class=\"elementor-widget-container\">\n\t\t\t\t\t\t\t\t\t<p>Este sitio web, al igual que la mayor\u00eda de los sitios en Internet, usa Cookies para mejorar y optimizar la experiencia del usuario. A continuaci\u00f3n encontrar\u00e1s informaci\u00f3n detallada sobre qu\u00e9 son las \u201cCookies\u201d, qu\u00e9 tipolog\u00eda utiliza este sitio web, c\u00f3mo puedes desactivarlas en tu navegador y c\u00f3mo bloquear espec\u00edficamente la instalaci\u00f3n de Cookies de terceros.<br \/><br \/><b>Pol\u00edtica de cookies<\/b><br \/>Este web utiliza &#8216;cookies&#8217; propias y de terceros para ofrecerle una mejor experiencia y servicio. Al navegar o utilizar nuestros servicios el usuario acepta el uso que hacemos de las &#8216;cookies&#8217;. Sin embargo, el usuario tiene la opci\u00f3n de impedir la generaci\u00f3n de &#8216;cookies&#8217; y la eliminaci\u00f3n de las mismas mediante la selecci\u00f3n de la correspondiente opci\u00f3n en su navegador. En caso de bloquear el uso de &#8216;cookies&#8217; en su navegador es posible que algunos servicios o funcionalidades de la p\u00e1gina web no est\u00e9n disponibles.<br \/>\u200b<\/p><p><b>QUE ES UNA COOKIE<\/b><\/p><p>Las \u201ccookies\u201d son peque\u00f1os archivos que algunas plataformas, como las p\u00e1ginas web, pueden instalar en su ordenador, smartphone, tableta, televisi\u00f3n conectada, etc, al acceder a las mismas. Sus funciones pueden ser muy variadas: almacenar sus preferencias de navegaci\u00f3n, recopilar informaci\u00f3n estad\u00edstica, permitir ciertas funcionalidades t\u00e9cnicas, almacenar y recuperar informaci\u00f3n sobre los h\u00e1bitos de navegaci\u00f3n o preferencias de un usuario o de su equipo hasta el punto, en ocasiones, dependiendo de la informaci\u00f3n que contengan y de la forma en que utilice su equipo, de poder reconocerlo. Una cookie se almacena en un ordenador para personalizar y facilitar al m\u00e1ximo la navegaci\u00f3n del usuario. Las &#8216;cookies&#8217; desempe\u00f1an un papel muy importante, al mejorar la experiencia del uso de la web.<br \/><br \/>Con otras palabras, una cookie es un fragmento de informaci\u00f3n enviada por un sitio web y almacenada en el navegador del usuario, de manera que el sitio web puede consultar la actividad previa del usuario. Una cookie no identifica solo a una persona, sino que puede incorporar una combinaci\u00f3n de computador-navegador-usuario.<br \/>\u200b<\/p><p><b>PARA QU\u00c9 USA COOKIES EL SITIO WEB<\/b><\/p><p>Las cookies son utilizadas para diferenciar usuarios y para actuar de diferente forma dependiendo de \u00e9stos. Un uso de las cookies es identificarse en un sitio web. Los usuarios normalmente se identifican introduciendo sus credenciales en una p\u00e1gina de validaci\u00f3n; las cookies permiten al servidor saber que el usuario ya est\u00e1 validado o navegando en el sitio web, y por lo tanto se le puede permitir acceder a servicios o realizar operaciones que est\u00e1n restringidas a usuarios no identificados.<br \/><br \/>\u00bfPor qu\u00e9 son importantes?<br \/><br \/>Desde un punto de vista t\u00e9cnico, permiten que los sitios web funcionen de forma m\u00e1s \u00e1gil y adaptada a las preferencias de los usuarios, como por ejemplo almacenar el idioma, la moneda del pa\u00eds o detectar el dispositivo de acceso.<br \/><br \/>Establecen niveles de protecci\u00f3n y seguridad que Impiden o dificultan ciberataques contra el sitio web o sus usuarios.<\/p><p>Permiten que los gestores de los medios puedan conocer datos estad\u00edsticos recopilados en las Cookies para mejorar la calidad y experiencia de sus servicios.<br \/><br \/>Sirven para optimizar la publicidad que mostramos a los usuarios, ofreciendo la que m\u00e1s se ajusta a sus intereses.<\/p><p><br \/><b>TIPOS DE COOKIES<\/b><\/p><p>Los tipos de cookies que pueden instalarse son los siguientes:<br \/><br \/>Seg\u00fan la finalidad para la que se traten los datos obtenidos a trav\u00e9s de las &#8216;cookies&#8217;, la web puede utilizar:<br \/>\u200b<\/p><p><b>&#8216;Cookies&#8217; t\u00e9cnicas<\/b><br \/>Son aqu\u00e9llas que permiten al usuario la navegaci\u00f3n a trav\u00e9s de la p\u00e1gina web o aplicaci\u00f3n y la utilizaci\u00f3n de las diferentes opciones o servicios que en ella existen. Por ejemplo, controlar el tr\u00e1fico y la comunicaci\u00f3n de datos, identificar la sesi\u00f3n, acceder a las partes web de acceso restringido, recordar los elementos que integran un pedido, realizar la solicitud de inscripci\u00f3n o participaci\u00f3n en un evento, utilizar elementos de seguridad durante la navegaci\u00f3n y almacenar contenidos para la difusi\u00f3n de videos o sonido.<br \/><br \/><b>Cookies de mejora del rendimiento<\/b><br \/>Este tipo de cookies conserva sus preferencias para ciertas herramientas o servicios para que no tenga que reconfigurarlos cada vez que visita nuestro portal y, en algunos casos, pueden ser aportadas por terceros. Algunos ejemplos de este tipo de cookies son: el ajuste del volumen de los reproductores audiovisuales, las preferencias de ordenaci\u00f3n de art\u00edculos o las velocidades de reproducci\u00f3n de v\u00eddeo compatibles. En el caso de comercio electr\u00f3nico, permiten mantener informaci\u00f3n sobre su cesta de la compra.<\/p><p><b>Cookies de registro<\/b><br \/><br \/>Cuando usted se registra en nuestro portal, se generan cookies que le identifican como usuario registrado e indican cu\u00e1ndo usted se ha identificado en el portal. Estas cookies son utilizadas para identificar su cuenta de usuario y sus servicios asociados, facilitando as\u00ed su navegaci\u00f3n. Estas cookies se mantienen mientras usted no abandone la cuenta, cierre el navegador o apague el dispositivo. Estas cookies pueden ser utilizadas en combinaci\u00f3n con datos anal\u00edticos para identificar de manera individual sus preferencias en nuestro portal.<\/p><p><b>&#8216;Cookies&#8217; de personalizaci\u00f3n<\/b><br \/><br \/>Son aqu\u00e9llas que permiten al usuario acceder al servicio con algunas caracter\u00edsticas de car\u00e1cter general predefinidas en su terminal o que el propio usuario defina. Por ejemplo, el idioma, el tipo de navegador a trav\u00e9s del cual accede al servicio, el dise\u00f1o de contenidos seleccionado, geolocalizaci\u00f3n del terminal y la configuraci\u00f3n regional desde donde se accede al servicio.<\/p><p><b>Cookies de geolocalizaci\u00f3n<\/b><br \/><br \/>Estas cookies son usadas por programas que intentan localizar geogr\u00e1ficamente la situaci\u00f3n del ordenador, smartphone, tableta o televisi\u00f3n conectada, para de manera totalmente an\u00f3nima ofrecerle contenidos y servicios m\u00e1s adecuados.<\/p><p><b>Cookies publicitarias<\/b><br \/>Son aqu\u00e9llas que permiten la gesti\u00f3n, de la forma m\u00e1s eficaz posible, de los espacios publicitarios que, en su caso, el editor haya incluido en una p\u00e1gina web, aplicaci\u00f3n o plataforma desde la que presta el servicio solicitado en base a criterios como el contenido editado o la frecuencia en la que se muestran los anuncios.<\/p><p><b>Cookies de publicidad comportamental<\/b><br \/>Son aqu\u00e9llas que permiten la gesti\u00f3n, de la forma m\u00e1s eficaz posible, de los espacios publicitarios que, en su caso, el editor haya incluido en una p\u00e1gina web, aplicaci\u00f3n o plataforma desde la que presta el servicio solicitado. Estas cookies almacenan informaci\u00f3n del comportamiento de los usuarios obtenida a trav\u00e9s de la observaci\u00f3n continuada de sus h\u00e1bitos de navegaci\u00f3n, lo que permite desarrollar un perfil espec\u00edfico para mostrar publicidad en funci\u00f3n del mismo que pueda ser relevante para el usuario y para evitar en lo posible mostrar anuncios que el usuario ya haya visto, entre otras funciones.<\/p><p><b>Cookies de publicidad comportamental<\/b><br \/><br \/>Son aqu\u00e9llas que permiten realizar el seguimiento y an\u00e1lisis del comportamiento de los usuarios en los sitios web. La informaci\u00f3n recogida mediante este tipo de &#8216;cookies&#8217; se utiliza en la medici\u00f3n de la actividad de los sitios web, aplicaci\u00f3n o plataforma y para la elaboraci\u00f3n de perfiles de navegaci\u00f3n de los usuarios de dichos sitios, con el fin de introducir mejoras en el servicio en funci\u00f3n de los datos de uso que hacen los usuarios.<br \/>\u200b<\/p><p><b>&#8216;Cookies&#8217; de terceros<\/b><br \/>En algunas p\u00e1ginas web se pueden instalar &#8216;cookies&#8217; de terceros que permiten gestionar y mejorar los servicios ofrecidos. Un ejemplo de este uso son los enlaces a las redes sociales que permiten compartir nuestros contenidos.<\/p><p>Seg\u00fan el vencimiento, las Cookies utilizadas en pueden tener los siguientes tipos de vencimientos:<\/p><p>De sesi\u00f3n:<\/p><p>Almacenan datos \u00fanicamente mientras el usuario accede a la web y tienen vencimiento una vez que el usuario sale de la sesi\u00f3n.<\/p><p>De Servicio:<\/p><p>Relacionadas con alg\u00fan servicio personalizado dentro del site, con vencimiento inferior a veinticuatro horas (24h).<\/p><p>Persistentes:<\/p><p>Quedan permanentemente instaladas en el navegador, almacenan los datos en el terminal para que sean accedidos y utilizados en m\u00e1s de una sesi\u00f3n, siempre y cuando no se desactive su uso.<\/p><p>Esta web utiliza tanto &#8216;cookies&#8217; temporales de sesi\u00f3n como &#8216;cookies&#8217; permanentes. Las &#8216;cookies&#8217; de sesi\u00f3n almacenan datos \u00fanicamente mientras el usuario accede a la web y las &#8216;cookies&#8217; permanentes almacenan los datos en el terminal para que sean accedidos y utilizados en m\u00e1s de una sesi\u00f3n.<br \/><br \/>En algunos casos, si se desactiva alguna de estas cookies, no podr\u00e1 recibir correctamente nuestros contenidos y servicios. En otras ocasiones, el sitio web podr\u00e1 seguir funcionando. En todo caso, deseamos hacerle part\u00edcipe de que la informaci\u00f3n captada por estas cookies sobre el uso de nuestra web y sobre el \u00e9xito de los anuncios mostrados en ella permite mejorar nuestros servicios y obtener ingresos que nos permiten ofrecerle de forma menos onerosa muchos contenidos.<br \/><br \/>En cumplimiento del art. 22.2 de la LSSI-CE, la sociedad indica que en este sitio web se utilizan las cookies que se detallan en el cuadro siguiente:<\/p>\t\t\t\t\t\t\t\t<\/div>\n\t\t\t\t<\/div>\n\t\t\t\t<\/div>\n\t\t\t\t\t<\/div>\n\t\t\t\t<\/div>\n\t\t\t\t<\/div>\n\t\t","protected":false},"excerpt":{"rendered":"<p>Uso de cookies Este sitio web, al igual que la mayor\u00eda de los sitios en Internet, usa Cookies para mejorar y optimizar la experiencia del usuario. A continuaci\u00f3n encontrar\u00e1s informaci\u00f3n detallada sobre qu\u00e9 son las \u201cCookies\u201d, qu\u00e9 tipolog\u00eda utiliza este sitio web, c\u00f3mo puedes desactivarlas en tu navegador y c\u00f3mo bloquear espec\u00edficamente la instalaci\u00f3n de [&hellip;]<\/p>\n","protected":false},"author":1,"featured_media":0,"parent":0,"menu_order":0,"comment_status":"closed","ping_status":"closed","template":"elementor_header_footer","meta":{"footnotes":""},"class_list":["post-41255","page","type-page","status-publish","hentry"],"yoast_head":"<!-- This site is optimized with the Yoast SEO plugin v25.1 - https:\/\/yoast.com\/wordpress\/plugins\/seo\/ -->\n<title>Pol\u00edtica de cookies | The Right Stay<\/title>\n<meta name=\"robots\" content=\"index, follow, max-snippet:-1, max-image-preview:large, max-video-preview:-1\" \/>\n<link rel=\"canonical\" href=\"https:\/\/therightstay.com\/cookies\/\" \/>\n<meta property=\"og:locale\" content=\"es_ES\" \/>\n<meta property=\"og:type\" content=\"article\" \/>\n<meta property=\"og:title\" content=\"Pol\u00edtica de cookies | The Right Stay\" \/>\n<meta property=\"og:description\" content=\"Uso de cookies Este sitio web, al igual que la mayor\u00eda de los sitios en Internet, usa Cookies para mejorar y optimizar la experiencia del usuario. A continuaci\u00f3n encontrar\u00e1s informaci\u00f3n detallada sobre qu\u00e9 son las \u201cCookies\u201d, qu\u00e9 tipolog\u00eda utiliza este sitio web, c\u00f3mo puedes desactivarlas en tu navegador y c\u00f3mo bloquear espec\u00edficamente la instalaci\u00f3n de [&hellip;]\" \/>\n<meta property=\"og:url\" content=\"https:\/\/therightstay.com\/cookies\/\" \/>\n<meta property=\"og:site_name\" content=\"The Right Stay\" \/>\n<meta property=\"article:publisher\" content=\"https:\/\/www.facebook.com\/therightstay\/\" \/>\n<meta property=\"article:modified_time\" content=\"2025-10-06T09:07:46+00:00\" \/>\n<meta property=\"og:image\" content=\"https:\/\/therightstay.com\/wp-content\/uploads\/2025\/11\/image1-300x170.jpeg\" \/>\n\t<meta property=\"og:image:width\" content=\"300\" \/>\n\t<meta property=\"og:image:height\" content=\"170\" \/>\n\t<meta property=\"og:image:type\" content=\"image\/jpeg\" \/>\n<meta name=\"twitter:card\" content=\"summary_large_image\" \/>\n<meta name=\"twitter:label1\" content=\"Tiempo de lectura\" \/>\n\t<meta name=\"twitter:data1\" content=\"7 minutos\" \/>\n<script type=\"application\/ld+json\" class=\"yoast-schema-graph\">{\"@context\":\"https:\/\/schema.org\",\"@graph\":[{\"@type\":\"WebPage\",\"@id\":\"https:\/\/therightstay.com\/cookies\/\",\"url\":\"https:\/\/therightstay.com\/cookies\/\",\"name\":\"Pol\u00edtica de cookies | The Right Stay\",\"isPartOf\":{\"@id\":\"https:\/\/therightstay.com\/#website\"},\"datePublished\":\"2021-01-23T14:14:08+00:00\",\"dateModified\":\"2025-10-06T09:07:46+00:00\",\"breadcrumb\":{\"@id\":\"https:\/\/therightstay.com\/cookies\/#breadcrumb\"},\"inLanguage\":\"es\",\"potentialAction\":[{\"@type\":\"ReadAction\",\"target\":[\"https:\/\/therightstay.com\/cookies\/\"]}]},{\"@type\":\"BreadcrumbList\",\"@id\":\"https:\/\/therightstay.com\/cookies\/#breadcrumb\",\"itemListElement\":[{\"@type\":\"ListItem\",\"position\":1,\"name\":\"Home\",\"item\":\"https:\/\/therightstay.com\/\"},{\"@type\":\"ListItem\",\"position\":2,\"name\":\"Pol\u00edtica de cookies\"}]},{\"@type\":\"WebSite\",\"@id\":\"https:\/\/therightstay.com\/#website\",\"url\":\"https:\/\/therightstay.com\/\",\"name\":\"The Right Stay\",\"description\":\"The Right Stay | Luxury Apartment Rentals\",\"publisher\":{\"@id\":\"https:\/\/therightstay.com\/#organization\"},\"potentialAction\":[{\"@type\":\"SearchAction\",\"target\":{\"@type\":\"EntryPoint\",\"urlTemplate\":\"https:\/\/therightstay.com\/?s={search_term_string}\"},\"query-input\":{\"@type\":\"PropertyValueSpecification\",\"valueRequired\":true,\"valueName\":\"search_term_string\"}}],\"inLanguage\":\"es\"},{\"@type\":\"Organization\",\"@id\":\"https:\/\/therightstay.com\/#organization\",\"name\":\"The Right Stay\",\"url\":\"https:\/\/therightstay.com\/\",\"logo\":{\"@type\":\"ImageObject\",\"inLanguage\":\"es\",\"@id\":\"https:\/\/therightstay.com\/#\/schema\/logo\/image\/\",\"url\":\"https:\/\/therightstay.com\/wp-content\/uploads\/2025\/11\/image1.jpeg\",\"contentUrl\":\"https:\/\/therightstay.com\/wp-content\/uploads\/2025\/11\/image1.jpeg\",\"width\":1290,\"height\":731,\"caption\":\"The Right Stay\"},\"image\":{\"@id\":\"https:\/\/therightstay.com\/#\/schema\/logo\/image\/\"},\"sameAs\":[\"https:\/\/www.facebook.com\/therightstay\/\",\"https:\/\/www.instagram.com\/therightstay.es\/?hl=en\",\"https:\/\/www.linkedin.com\/company\/therightstay\/\"]}]}<\/script>\n<!-- \/ Yoast SEO plugin. -->","yoast_head_json":{"title":"Pol\u00edtica de cookies | The Right Stay","robots":{"index":"index","follow":"follow","max-snippet":"max-snippet:-1","max-image-preview":"max-image-preview:large","max-video-preview":"max-video-preview:-1"},"canonical":"https:\/\/therightstay.com\/cookies\/","og_locale":"es_ES","og_type":"article","og_title":"Pol\u00edtica de cookies | The Right Stay","og_description":"Uso de cookies Este sitio web, al igual que la mayor\u00eda de los sitios en Internet, usa Cookies para mejorar y optimizar la experiencia del usuario. A continuaci\u00f3n encontrar\u00e1s informaci\u00f3n detallada sobre qu\u00e9 son las \u201cCookies\u201d, qu\u00e9 tipolog\u00eda utiliza este sitio web, c\u00f3mo puedes desactivarlas en tu navegador y c\u00f3mo bloquear espec\u00edficamente la instalaci\u00f3n de [&hellip;]","og_url":"https:\/\/therightstay.com\/cookies\/","og_site_name":"The Right Stay","article_publisher":"https:\/\/www.facebook.com\/therightstay\/","article_modified_time":"2025-10-06T09:07:46+00:00","og_image":[{"width":300,"height":170,"url":"https:\/\/therightstay.com\/wp-content\/uploads\/2025\/11\/image1-300x170.jpeg","type":"image\/jpeg"}],"twitter_card":"summary_large_image","twitter_misc":{"Tiempo de lectura":"7 minutos"},"schema":{"@context":"https:\/\/schema.org","@graph":[{"@type":"WebPage","@id":"https:\/\/therightstay.com\/cookies\/","url":"https:\/\/therightstay.com\/cookies\/","name":"Pol\u00edtica de cookies | The Right Stay","isPartOf":{"@id":"https:\/\/therightstay.com\/#website"},"datePublished":"2021-01-23T14:14:08+00:00","dateModified":"2025-10-06T09:07:46+00:00","breadcrumb":{"@id":"https:\/\/therightstay.com\/cookies\/#breadcrumb"},"inLanguage":"es","potentialAction":[{"@type":"ReadAction","target":["https:\/\/therightstay.com\/cookies\/"]}]},{"@type":"BreadcrumbList","@id":"https:\/\/therightstay.com\/cookies\/#breadcrumb","itemListElement":[{"@type":"ListItem","position":1,"name":"Home","item":"https:\/\/therightstay.com\/"},{"@type":"ListItem","position":2,"name":"Pol\u00edtica de cookies"}]},{"@type":"WebSite","@id":"https:\/\/therightstay.com\/#website","url":"https:\/\/therightstay.com\/","name":"The Right Stay","description":"The Right Stay | Luxury Apartment Rentals","publisher":{"@id":"https:\/\/therightstay.com\/#organization"},"potentialAction":[{"@type":"SearchAction","target":{"@type":"EntryPoint","urlTemplate":"https:\/\/therightstay.com\/?s={search_term_string}"},"query-input":{"@type":"PropertyValueSpecification","valueRequired":true,"valueName":"search_term_string"}}],"inLanguage":"es"},{"@type":"Organization","@id":"https:\/\/therightstay.com\/#organization","name":"The Right Stay","url":"https:\/\/therightstay.com\/","logo":{"@type":"ImageObject","inLanguage":"es","@id":"https:\/\/therightstay.com\/#\/schema\/logo\/image\/","url":"https:\/\/therightstay.com\/wp-content\/uploads\/2025\/11\/image1.jpeg","contentUrl":"https:\/\/therightstay.com\/wp-content\/uploads\/2025\/11\/image1.jpeg","width":1290,"height":731,"caption":"The Right Stay"},"image":{"@id":"https:\/\/therightstay.com\/#\/schema\/logo\/image\/"},"sameAs":["https:\/\/www.facebook.com\/therightstay\/","https:\/\/www.instagram.com\/therightstay.es\/?hl=en","https:\/\/www.linkedin.com\/company\/therightstay\/"]}]}},"_links":{"self":[{"href":"https:\/\/therightstay.com\/es\/wp-json\/wp\/v2\/pages\/41255","targetHints":{"allow":["GET"]}}],"collection":[{"href":"https:\/\/therightstay.com\/es\/wp-json\/wp\/v2\/pages"}],"about":[{"href":"https:\/\/therightstay.com\/es\/wp-json\/wp\/v2\/types\/page"}],"author":[{"embeddable":true,"href":"https:\/\/therightstay.com\/es\/wp-json\/wp\/v2\/users\/1"}],"replies":[{"embeddable":true,"href":"https:\/\/therightstay.com\/es\/wp-json\/wp\/v2\/comments?post=41255"}],"version-history":[{"count":0,"href":"https:\/\/therightstay.com\/es\/wp-json\/wp\/v2\/pages\/41255\/revisions"}],"wp:attachment":[{"href":"https:\/\/therightstay.com\/es\/wp-json\/wp\/v2\/media?parent=41255"}],"curies":[{"name":"wp","href":"https:\/\/api.w.org\/{rel}","templated":true}]}}